{"id":2679,"date":"2023-11-06T13:48:13","date_gmt":"2023-11-06T12:48:13","guid":{"rendered":"https:\/\/juanita.care\/produit\/collar-vasija\/"},"modified":"2024-05-06T01:02:23","modified_gmt":"2024-05-05T23:02:23","slug":"collar-vasija","status":"publish","type":"product","link":"https:\/\/juanita.care\/es\/produit\/collar-vasija\/","title":{"rendered":"Collar Vasija"},"content":{"rendered":"<p>JUANITA CARE ha querido rendir homenaje a su sangre peruana creando la colecci\u00f3n de joyas \u00abMochicas\u00bb, inspirada en la cultura precolombina y preincaica Moche (100 a.C.-800 d.C.). Esta cultura, que carec\u00eda de lengua escrita, comparti\u00f3 su historia con nosotros a trav\u00e9s de su artesan\u00eda. A trav\u00e9s de su cer\u00e1mica, arquitectura, momias, joyas, vestimentas y embarcaciones, nos han dado a conocer sus costumbres, rituales y religi\u00f3n. Para esta poblaci\u00f3n costera, la luna era m\u00e1s poderosa que muchas otras culturas de la \u00e9poca, que adoraban al sol. Adem\u00e1s, era visible de d\u00eda y de noche. Su poder sobre las mareas tambi\u00e9n garantizaba una buena pesca y, por tanto, buenos alimentos. En un mundo donde todo se desmaterializa, donde ya no podemos creer lo que vemos, nos quedan las formas que tocamos. Las joyas encontradas en la tierra, pisoteadas y compactadas por cientos de a\u00f1os de lluvia y sol, siguen habl\u00e1ndonos hoy. \u00bfQu\u00e9 nos gustar\u00eda decir de nosotros mismos? En parte arma defensiva y terrosa, en parte fuerza suave y acu\u00e1tica, esta colecci\u00f3n celebra la rebeli\u00f3n y los cuerpos soberanos llenos de convicci\u00f3n.<\/p>\n","protected":false},"excerpt":{"rendered":"<p>Collar escultura<\/p>\n","protected":false},"featured_media":2474,"template":"","meta":[],"product_brand":[],"product_cat":[135,132],"product_tag":[140],"class_list":{"0":"post-2679","1":"product","2":"type-product","3":"status-publish","4":"has-post-thumbnail","6":"product_cat-collar","7":"product_cat-joyas","8":"product_tag-coleccion-mochica","9":"product_shipping_class-precieux-es","11":"first","12":"instock","13":"shipping-taxable","14":"purchasable","15":"product-type-simple"},"yoast_head":"<!-- This site is optimized with the Yoast SEO plugin v27.3 - https:\/\/yoast.com\/product\/yoast-seo-wordpress\/ -->\n<title>Collar Vasija - JUANITA CARE<\/title>\n<meta name=\"description\" content=\"Collar Vasija de plata 925. Inspirado en la cer\u00e1mica Moche de Per\u00fa. La cadena puede guardarse en el colgante cuando no se lleva el collar.\" \/>\n<meta name=\"robots\" content=\"index, follow, max-snippet:-1, max-image-preview:large, max-video-preview:-1\" \/>\n<link rel=\"canonical\" href=\"https:\/\/juanita.care\/es\/produit\/collar-vasija\/\" \/>\n<meta property=\"og:locale\" content=\"es_ES\" \/>\n<meta property=\"og:type\" content=\"article\" \/>\n<meta property=\"og:title\" content=\"Collar Vasija - JUANITA CARE\" \/>\n<meta property=\"og:description\" content=\"Collar Vasija de plata 925. Inspirado en la cer\u00e1mica Moche de Per\u00fa. La cadena puede guardarse en el colgante cuando no se lleva el collar.\" \/>\n<meta property=\"og:url\" content=\"https:\/\/juanita.care\/es\/produit\/collar-vasija\/\" \/>\n<meta property=\"og:site_name\" content=\"JUANITA CARE\" \/>\n<meta property=\"article:modified_time\" content=\"2024-05-05T23:02:23+00:00\" \/>\n<meta property=\"og:image\" content=\"https:\/\/i0.wp.com\/juanita.care\/wp-content\/uploads\/2023\/11\/Vasijaneck3.jpg?fit=1536%2C1920&ssl=1\" \/>\n\t<meta property=\"og:image:width\" content=\"1536\" \/>\n\t<meta property=\"og:image:height\" content=\"1920\" \/>\n\t<meta property=\"og:image:type\" content=\"image\/jpeg\" \/>\n<meta name=\"twitter:card\" content=\"summary_large_image\" \/>\n<meta name=\"twitter:label1\" content=\"Tiempo de lectura\" \/>\n\t<meta name=\"twitter:data1\" content=\"1 minuto\" \/>\n<script type=\"application\/ld+json\" class=\"yoast-schema-graph\">{\"@context\":\"https:\\\/\\\/schema.org\",\"@graph\":[{\"@type\":\"WebPage\",\"@id\":\"https:\\\/\\\/juanita.care\\\/es\\\/produit\\\/collar-vasija\\\/\",\"url\":\"https:\\\/\\\/juanita.care\\\/es\\\/produit\\\/collar-vasija\\\/\",\"name\":\"Collar Vasija - JUANITA CARE\",\"isPartOf\":{\"@id\":\"https:\\\/\\\/juanita.care\\\/es\\\/#website\"},\"primaryImageOfPage\":{\"@id\":\"https:\\\/\\\/juanita.care\\\/es\\\/produit\\\/collar-vasija\\\/#primaryimage\"},\"image\":{\"@id\":\"https:\\\/\\\/juanita.care\\\/es\\\/produit\\\/collar-vasija\\\/#primaryimage\"},\"thumbnailUrl\":\"https:\\\/\\\/i0.wp.com\\\/juanita.care\\\/wp-content\\\/uploads\\\/2023\\\/11\\\/Vasijaneck3.jpg?fit=1536%2C1920&ssl=1\",\"datePublished\":\"2023-11-06T12:48:13+00:00\",\"dateModified\":\"2024-05-05T23:02:23+00:00\",\"description\":\"Collar Vasija de plata 925. Inspirado en la cer\u00e1mica Moche de Per\u00fa. La cadena puede guardarse en el colgante cuando no se lleva el collar.\",\"breadcrumb\":{\"@id\":\"https:\\\/\\\/juanita.care\\\/es\\\/produit\\\/collar-vasija\\\/#breadcrumb\"},\"inLanguage\":\"es\",\"potentialAction\":[{\"@type\":\"ReadAction\",\"target\":[\"https:\\\/\\\/juanita.care\\\/es\\\/produit\\\/collar-vasija\\\/\"]}]},{\"@type\":\"ImageObject\",\"inLanguage\":\"es\",\"@id\":\"https:\\\/\\\/juanita.care\\\/es\\\/produit\\\/collar-vasija\\\/#primaryimage\",\"url\":\"https:\\\/\\\/i0.wp.com\\\/juanita.care\\\/wp-content\\\/uploads\\\/2023\\\/11\\\/Vasijaneck3.jpg?fit=1536%2C1920&ssl=1\",\"contentUrl\":\"https:\\\/\\\/i0.wp.com\\\/juanita.care\\\/wp-content\\\/uploads\\\/2023\\\/11\\\/Vasijaneck3.jpg?fit=1536%2C1920&ssl=1\",\"width\":1536,\"height\":1920},{\"@type\":\"BreadcrumbList\",\"@id\":\"https:\\\/\\\/juanita.care\\\/es\\\/produit\\\/collar-vasija\\\/#breadcrumb\",\"itemListElement\":[{\"@type\":\"ListItem\",\"position\":1,\"name\":\"Accueil\",\"item\":\"https:\\\/\\\/juanita.care\\\/es\\\/inicio\\\/\"},{\"@type\":\"ListItem\",\"position\":2,\"name\":\"Tienda\",\"item\":\"https:\\\/\\\/juanita.care\\\/es\\\/tienda\\\/\"},{\"@type\":\"ListItem\",\"position\":3,\"name\":\"Collar Vasija\"}]},{\"@type\":\"WebSite\",\"@id\":\"https:\\\/\\\/juanita.care\\\/es\\\/#website\",\"url\":\"https:\\\/\\\/juanita.care\\\/es\\\/\",\"name\":\"JUANITA CARE\",\"description\":\"\",\"publisher\":{\"@id\":\"https:\\\/\\\/juanita.care\\\/es\\\/#organization\"},\"alternateName\":\"Juanita.care\",\"potentialAction\":[{\"@type\":\"SearchAction\",\"target\":{\"@type\":\"EntryPoint\",\"urlTemplate\":\"https:\\\/\\\/juanita.care\\\/es\\\/?s={search_term_string}\"},\"query-input\":{\"@type\":\"PropertyValueSpecification\",\"valueRequired\":true,\"valueName\":\"search_term_string\"}}],\"inLanguage\":\"es\"},{\"@type\":\"Organization\",\"@id\":\"https:\\\/\\\/juanita.care\\\/es\\\/#organization\",\"name\":\"JUANITA CARE\",\"alternateName\":\"Juanita\",\"url\":\"https:\\\/\\\/juanita.care\\\/es\\\/\",\"logo\":{\"@type\":\"ImageObject\",\"inLanguage\":\"es\",\"@id\":\"https:\\\/\\\/juanita.care\\\/es\\\/#\\\/schema\\\/logo\\\/image\\\/\",\"url\":\"https:\\\/\\\/juanita.care\\\/wp-content\\\/uploads\\\/2023\\\/11\\\/pagedacceuil.jpg\",\"contentUrl\":\"https:\\\/\\\/juanita.care\\\/wp-content\\\/uploads\\\/2023\\\/11\\\/pagedacceuil.jpg\",\"width\":1280,\"height\":1920,\"caption\":\"JUANITA CARE\"},\"image\":{\"@id\":\"https:\\\/\\\/juanita.care\\\/es\\\/#\\\/schema\\\/logo\\\/image\\\/\"},\"sameAs\":[\"https:\\\/\\\/www.instagram.com\\\/juanita.care_\",\"https:\\\/\\\/www.tiktok.com\\\/@juanita.care\"]}]}<\/script>\n<!-- \/ Yoast SEO plugin. -->","yoast_head_json":{"title":"Collar Vasija - JUANITA CARE","description":"Collar Vasija de plata 925. Inspirado en la cer\u00e1mica Moche de Per\u00fa. La cadena puede guardarse en el colgante cuando no se lleva el collar.","robots":{"index":"index","follow":"follow","max-snippet":"max-snippet:-1","max-image-preview":"max-image-preview:large","max-video-preview":"max-video-preview:-1"},"canonical":"https:\/\/juanita.care\/es\/produit\/collar-vasija\/","og_locale":"es_ES","og_type":"article","og_title":"Collar Vasija - JUANITA CARE","og_description":"Collar Vasija de plata 925. Inspirado en la cer\u00e1mica Moche de Per\u00fa. La cadena puede guardarse en el colgante cuando no se lleva el collar.","og_url":"https:\/\/juanita.care\/es\/produit\/collar-vasija\/","og_site_name":"JUANITA CARE","article_modified_time":"2024-05-05T23:02:23+00:00","og_image":[{"width":1536,"height":1920,"url":"https:\/\/i0.wp.com\/juanita.care\/wp-content\/uploads\/2023\/11\/Vasijaneck3.jpg?fit=1536%2C1920&ssl=1","type":"image\/jpeg"}],"twitter_card":"summary_large_image","twitter_misc":{"Tiempo de lectura":"1 minuto"},"schema":{"@context":"https:\/\/schema.org","@graph":[{"@type":"WebPage","@id":"https:\/\/juanita.care\/es\/produit\/collar-vasija\/","url":"https:\/\/juanita.care\/es\/produit\/collar-vasija\/","name":"Collar Vasija - JUANITA CARE","isPartOf":{"@id":"https:\/\/juanita.care\/es\/#website"},"primaryImageOfPage":{"@id":"https:\/\/juanita.care\/es\/produit\/collar-vasija\/#primaryimage"},"image":{"@id":"https:\/\/juanita.care\/es\/produit\/collar-vasija\/#primaryimage"},"thumbnailUrl":"https:\/\/i0.wp.com\/juanita.care\/wp-content\/uploads\/2023\/11\/Vasijaneck3.jpg?fit=1536%2C1920&ssl=1","datePublished":"2023-11-06T12:48:13+00:00","dateModified":"2024-05-05T23:02:23+00:00","description":"Collar Vasija de plata 925. Inspirado en la cer\u00e1mica Moche de Per\u00fa. La cadena puede guardarse en el colgante cuando no se lleva el collar.","breadcrumb":{"@id":"https:\/\/juanita.care\/es\/produit\/collar-vasija\/#breadcrumb"},"inLanguage":"es","potentialAction":[{"@type":"ReadAction","target":["https:\/\/juanita.care\/es\/produit\/collar-vasija\/"]}]},{"@type":"ImageObject","inLanguage":"es","@id":"https:\/\/juanita.care\/es\/produit\/collar-vasija\/#primaryimage","url":"https:\/\/i0.wp.com\/juanita.care\/wp-content\/uploads\/2023\/11\/Vasijaneck3.jpg?fit=1536%2C1920&ssl=1","contentUrl":"https:\/\/i0.wp.com\/juanita.care\/wp-content\/uploads\/2023\/11\/Vasijaneck3.jpg?fit=1536%2C1920&ssl=1","width":1536,"height":1920},{"@type":"BreadcrumbList","@id":"https:\/\/juanita.care\/es\/produit\/collar-vasija\/#breadcrumb","itemListElement":[{"@type":"ListItem","position":1,"name":"Accueil","item":"https:\/\/juanita.care\/es\/inicio\/"},{"@type":"ListItem","position":2,"name":"Tienda","item":"https:\/\/juanita.care\/es\/tienda\/"},{"@type":"ListItem","position":3,"name":"Collar Vasija"}]},{"@type":"WebSite","@id":"https:\/\/juanita.care\/es\/#website","url":"https:\/\/juanita.care\/es\/","name":"JUANITA CARE","description":"","publisher":{"@id":"https:\/\/juanita.care\/es\/#organization"},"alternateName":"Juanita.care","potentialAction":[{"@type":"SearchAction","target":{"@type":"EntryPoint","urlTemplate":"https:\/\/juanita.care\/es\/?s={search_term_string}"},"query-input":{"@type":"PropertyValueSpecification","valueRequired":true,"valueName":"search_term_string"}}],"inLanguage":"es"},{"@type":"Organization","@id":"https:\/\/juanita.care\/es\/#organization","name":"JUANITA CARE","alternateName":"Juanita","url":"https:\/\/juanita.care\/es\/","logo":{"@type":"ImageObject","inLanguage":"es","@id":"https:\/\/juanita.care\/es\/#\/schema\/logo\/image\/","url":"https:\/\/juanita.care\/wp-content\/uploads\/2023\/11\/pagedacceuil.jpg","contentUrl":"https:\/\/juanita.care\/wp-content\/uploads\/2023\/11\/pagedacceuil.jpg","width":1280,"height":1920,"caption":"JUANITA CARE"},"image":{"@id":"https:\/\/juanita.care\/es\/#\/schema\/logo\/image\/"},"sameAs":["https:\/\/www.instagram.com\/juanita.care_","https:\/\/www.tiktok.com\/@juanita.care"]}]}},"jetpack_sharing_enabled":true,"_links":{"self":[{"href":"https:\/\/juanita.care\/es\/wp-json\/wp\/v2\/product\/2679","targetHints":{"allow":["GET"]}}],"collection":[{"href":"https:\/\/juanita.care\/es\/wp-json\/wp\/v2\/product"}],"about":[{"href":"https:\/\/juanita.care\/es\/wp-json\/wp\/v2\/types\/product"}],"version-history":[{"count":2,"href":"https:\/\/juanita.care\/es\/wp-json\/wp\/v2\/product\/2679\/revisions"}],"predecessor-version":[{"id":4382,"href":"https:\/\/juanita.care\/es\/wp-json\/wp\/v2\/product\/2679\/revisions\/4382"}],"wp:featuredmedia":[{"embeddable":true,"href":"https:\/\/juanita.care\/es\/wp-json\/wp\/v2\/media\/2474"}],"wp:attachment":[{"href":"https:\/\/juanita.care\/es\/wp-json\/wp\/v2\/media?parent=2679"}],"wp:term":[{"taxonomy":"product_brand","embeddable":true,"href":"https:\/\/juanita.care\/es\/wp-json\/wp\/v2\/product_brand?post=2679"},{"taxonomy":"product_cat","embeddable":true,"href":"https:\/\/juanita.care\/es\/wp-json\/wp\/v2\/product_cat?post=2679"},{"taxonomy":"product_tag","embeddable":true,"href":"https:\/\/juanita.care\/es\/wp-json\/wp\/v2\/product_tag?post=2679"}],"curies":[{"name":"wp","href":"https:\/\/api.w.org\/{rel}","templated":true}]}}