{"id":2700,"date":"2023-02-04T03:11:15","date_gmt":"2023-02-04T02:11:15","guid":{"rendered":"https:\/\/juanita.care\/produit\/fotografia-enmarcada-drop\/"},"modified":"2023-12-06T17:16:04","modified_gmt":"2023-12-06T16:16:04","slug":"fotografia-marco-voute-palatine-serie-inside","status":"publish","type":"product","link":"https:\/\/juanita.care\/es\/produit\/fotografia-marco-voute-palatine-serie-inside\/","title":{"rendered":"Fotograf\u00eda enmarcada: \u00abDrop\u00bb"},"content":{"rendered":"<p>Explora nuestra colecci\u00f3n de impresiones inkjet. Cada pieza est\u00e1 enmarcada a medida en un marco de madera pintado de blanco para una presentaci\u00f3n limpia. Nuestra elecci\u00f3n de paspart\u00fa, compuesto por 6 capas blancas, agrega una dimensi\u00f3n estructurada a la obra de arte, ofreciendo tanto est\u00e9tica como protecci\u00f3n. Cada ejemplar forma parte de una serie limitada, garantizando la exclusividad de tu adquisici\u00f3n. La firma del artista en cada obra agrega una autenticaci\u00f3n personal, reforzando as\u00ed el valor art\u00edstico de la pieza. <\/p>\n","protected":false},"excerpt":{"rendered":"<p>Fotograf\u00eda enmarcada, Juanita Care, papel de algod\u00f3n, passepartout, marco de madera a medida. Edici\u00f3n limitada firmada. <\/p>\n","protected":false},"featured_media":2147,"template":"","meta":[],"product_brand":[],"product_cat":[137],"product_tag":[],"class_list":{"0":"post-2700","1":"product","2":"type-product","3":"status-publish","4":"has-post-thumbnail","6":"product_cat-fotografias","7":"product_shipping_class-fragiles-es","9":"first","10":"outofstock","11":"shipping-taxable","12":"purchasable","13":"product-type-simple"},"yoast_head":"<!-- This site is optimized with the Yoast SEO plugin v27.4 - https:\/\/yoast.com\/product\/yoast-seo-wordpress\/ -->\n<title>Fotograf\u00eda enmarcada: &quot;Drop&quot; - JUANITA CARE<\/title>\n<meta name=\"description\" content=\"Fotograf\u00eda enmarcada, Juanita Care, papel de algod\u00f3n de 290 g, paspartout de 6 capas, marco de madera blanco mate personalizado\" \/>\n<meta name=\"robots\" content=\"index, follow, max-snippet:-1, max-image-preview:large, max-video-preview:-1\" \/>\n<link rel=\"canonical\" href=\"https:\/\/juanita.care\/es\/produit\/fotografia-marco-voute-palatine-serie-inside\/\" \/>\n<meta property=\"og:locale\" content=\"es_ES\" \/>\n<meta property=\"og:type\" content=\"article\" \/>\n<meta property=\"og:title\" content=\"Fotograf\u00eda enmarcada: &quot;Drop&quot; - JUANITA CARE\" \/>\n<meta property=\"og:description\" content=\"Fotograf\u00eda enmarcada, Juanita Care, papel de algod\u00f3n de 290 g, paspartout de 6 capas, marco de madera blanco mate personalizado\" \/>\n<meta property=\"og:url\" content=\"https:\/\/juanita.care\/es\/produit\/fotografia-marco-voute-palatine-serie-inside\/\" \/>\n<meta property=\"og:site_name\" content=\"JUANITA CARE\" \/>\n<meta property=\"article:modified_time\" content=\"2023-12-06T16:16:04+00:00\" \/>\n<meta property=\"og:image\" content=\"https:\/\/juanita.care\/wp-content\/uploads\/2023\/02\/liquidmealcadreblancretouchefond-scaled.jpg\" \/>\n\t<meta property=\"og:image:width\" content=\"2560\" \/>\n\t<meta property=\"og:image:height\" content=\"2560\" \/>\n\t<meta property=\"og:image:type\" content=\"image\/jpeg\" \/>\n<meta name=\"twitter:card\" content=\"summary_large_image\" \/>\n<script type=\"application\/ld+json\" class=\"yoast-schema-graph\">{\"@context\":\"https:\\\/\\\/schema.org\",\"@graph\":[{\"@type\":\"WebPage\",\"@id\":\"https:\\\/\\\/juanita.care\\\/es\\\/produit\\\/fotografia-marco-voute-palatine-serie-inside\\\/\",\"url\":\"https:\\\/\\\/juanita.care\\\/es\\\/produit\\\/fotografia-marco-voute-palatine-serie-inside\\\/\",\"name\":\"Fotograf\u00eda enmarcada: \\\"Drop\\\" - JUANITA CARE\",\"isPartOf\":{\"@id\":\"https:\\\/\\\/juanita.care\\\/es\\\/#website\"},\"primaryImageOfPage\":{\"@id\":\"https:\\\/\\\/juanita.care\\\/es\\\/produit\\\/fotografia-marco-voute-palatine-serie-inside\\\/#primaryimage\"},\"image\":{\"@id\":\"https:\\\/\\\/juanita.care\\\/es\\\/produit\\\/fotografia-marco-voute-palatine-serie-inside\\\/#primaryimage\"},\"thumbnailUrl\":\"https:\\\/\\\/i0.wp.com\\\/juanita.care\\\/wp-content\\\/uploads\\\/2023\\\/02\\\/liquidmealcadreblancretouchefond-scaled.jpg?fit=2560%2C2560&ssl=1\",\"datePublished\":\"2023-02-04T02:11:15+00:00\",\"dateModified\":\"2023-12-06T16:16:04+00:00\",\"description\":\"Fotograf\u00eda enmarcada, Juanita Care, papel de algod\u00f3n de 290 g, paspartout de 6 capas, marco de madera blanco mate personalizado\",\"breadcrumb\":{\"@id\":\"https:\\\/\\\/juanita.care\\\/es\\\/produit\\\/fotografia-marco-voute-palatine-serie-inside\\\/#breadcrumb\"},\"inLanguage\":\"es\",\"potentialAction\":[{\"@type\":\"ReadAction\",\"target\":[\"https:\\\/\\\/juanita.care\\\/es\\\/produit\\\/fotografia-marco-voute-palatine-serie-inside\\\/\"]}]},{\"@type\":\"ImageObject\",\"inLanguage\":\"es\",\"@id\":\"https:\\\/\\\/juanita.care\\\/es\\\/produit\\\/fotografia-marco-voute-palatine-serie-inside\\\/#primaryimage\",\"url\":\"https:\\\/\\\/i0.wp.com\\\/juanita.care\\\/wp-content\\\/uploads\\\/2023\\\/02\\\/liquidmealcadreblancretouchefond-scaled.jpg?fit=2560%2C2560&ssl=1\",\"contentUrl\":\"https:\\\/\\\/i0.wp.com\\\/juanita.care\\\/wp-content\\\/uploads\\\/2023\\\/02\\\/liquidmealcadreblancretouchefond-scaled.jpg?fit=2560%2C2560&ssl=1\",\"width\":2560,\"height\":2560},{\"@type\":\"BreadcrumbList\",\"@id\":\"https:\\\/\\\/juanita.care\\\/es\\\/produit\\\/fotografia-marco-voute-palatine-serie-inside\\\/#breadcrumb\",\"itemListElement\":[{\"@type\":\"ListItem\",\"position\":1,\"name\":\"Accueil\",\"item\":\"https:\\\/\\\/juanita.care\\\/es\\\/inicio\\\/\"},{\"@type\":\"ListItem\",\"position\":2,\"name\":\"Tienda\",\"item\":\"https:\\\/\\\/juanita.care\\\/es\\\/tienda\\\/\"},{\"@type\":\"ListItem\",\"position\":3,\"name\":\"Fotograf\u00eda enmarcada: &#8220;Drop&#8221;\"}]},{\"@type\":\"WebSite\",\"@id\":\"https:\\\/\\\/juanita.care\\\/es\\\/#website\",\"url\":\"https:\\\/\\\/juanita.care\\\/es\\\/\",\"name\":\"JUANITA CARE\",\"description\":\"\",\"publisher\":{\"@id\":\"https:\\\/\\\/juanita.care\\\/es\\\/#organization\"},\"alternateName\":\"Juanita.care\",\"potentialAction\":[{\"@type\":\"SearchAction\",\"target\":{\"@type\":\"EntryPoint\",\"urlTemplate\":\"https:\\\/\\\/juanita.care\\\/es\\\/?s={search_term_string}\"},\"query-input\":{\"@type\":\"PropertyValueSpecification\",\"valueRequired\":true,\"valueName\":\"search_term_string\"}}],\"inLanguage\":\"es\"},{\"@type\":\"Organization\",\"@id\":\"https:\\\/\\\/juanita.care\\\/es\\\/#organization\",\"name\":\"JUANITA CARE\",\"alternateName\":\"Juanita\",\"url\":\"https:\\\/\\\/juanita.care\\\/es\\\/\",\"logo\":{\"@type\":\"ImageObject\",\"inLanguage\":\"es\",\"@id\":\"https:\\\/\\\/juanita.care\\\/es\\\/#\\\/schema\\\/logo\\\/image\\\/\",\"url\":\"https:\\\/\\\/juanita.care\\\/wp-content\\\/uploads\\\/2023\\\/11\\\/pagedacceuil.jpg\",\"contentUrl\":\"https:\\\/\\\/juanita.care\\\/wp-content\\\/uploads\\\/2023\\\/11\\\/pagedacceuil.jpg\",\"width\":1280,\"height\":1920,\"caption\":\"JUANITA CARE\"},\"image\":{\"@id\":\"https:\\\/\\\/juanita.care\\\/es\\\/#\\\/schema\\\/logo\\\/image\\\/\"},\"sameAs\":[\"https:\\\/\\\/www.instagram.com\\\/juanita.care_\",\"https:\\\/\\\/www.tiktok.com\\\/@juanita.care\"]}]}<\/script>\n<!-- \/ Yoast SEO plugin. -->","yoast_head_json":{"title":"Fotograf\u00eda enmarcada: \"Drop\" - JUANITA CARE","description":"Fotograf\u00eda enmarcada, Juanita Care, papel de algod\u00f3n de 290 g, paspartout de 6 capas, marco de madera blanco mate personalizado","robots":{"index":"index","follow":"follow","max-snippet":"max-snippet:-1","max-image-preview":"max-image-preview:large","max-video-preview":"max-video-preview:-1"},"canonical":"https:\/\/juanita.care\/es\/produit\/fotografia-marco-voute-palatine-serie-inside\/","og_locale":"es_ES","og_type":"article","og_title":"Fotograf\u00eda enmarcada: \"Drop\" - JUANITA CARE","og_description":"Fotograf\u00eda enmarcada, Juanita Care, papel de algod\u00f3n de 290 g, paspartout de 6 capas, marco de madera blanco mate personalizado","og_url":"https:\/\/juanita.care\/es\/produit\/fotografia-marco-voute-palatine-serie-inside\/","og_site_name":"JUANITA CARE","article_modified_time":"2023-12-06T16:16:04+00:00","og_image":[{"width":2560,"height":2560,"url":"https:\/\/juanita.care\/wp-content\/uploads\/2023\/02\/liquidmealcadreblancretouchefond-scaled.jpg","type":"image\/jpeg"}],"twitter_card":"summary_large_image","schema":{"@context":"https:\/\/schema.org","@graph":[{"@type":"WebPage","@id":"https:\/\/juanita.care\/es\/produit\/fotografia-marco-voute-palatine-serie-inside\/","url":"https:\/\/juanita.care\/es\/produit\/fotografia-marco-voute-palatine-serie-inside\/","name":"Fotograf\u00eda enmarcada: \"Drop\" - JUANITA CARE","isPartOf":{"@id":"https:\/\/juanita.care\/es\/#website"},"primaryImageOfPage":{"@id":"https:\/\/juanita.care\/es\/produit\/fotografia-marco-voute-palatine-serie-inside\/#primaryimage"},"image":{"@id":"https:\/\/juanita.care\/es\/produit\/fotografia-marco-voute-palatine-serie-inside\/#primaryimage"},"thumbnailUrl":"https:\/\/i0.wp.com\/juanita.care\/wp-content\/uploads\/2023\/02\/liquidmealcadreblancretouchefond-scaled.jpg?fit=2560%2C2560&ssl=1","datePublished":"2023-02-04T02:11:15+00:00","dateModified":"2023-12-06T16:16:04+00:00","description":"Fotograf\u00eda enmarcada, Juanita Care, papel de algod\u00f3n de 290 g, paspartout de 6 capas, marco de madera blanco mate personalizado","breadcrumb":{"@id":"https:\/\/juanita.care\/es\/produit\/fotografia-marco-voute-palatine-serie-inside\/#breadcrumb"},"inLanguage":"es","potentialAction":[{"@type":"ReadAction","target":["https:\/\/juanita.care\/es\/produit\/fotografia-marco-voute-palatine-serie-inside\/"]}]},{"@type":"ImageObject","inLanguage":"es","@id":"https:\/\/juanita.care\/es\/produit\/fotografia-marco-voute-palatine-serie-inside\/#primaryimage","url":"https:\/\/i0.wp.com\/juanita.care\/wp-content\/uploads\/2023\/02\/liquidmealcadreblancretouchefond-scaled.jpg?fit=2560%2C2560&ssl=1","contentUrl":"https:\/\/i0.wp.com\/juanita.care\/wp-content\/uploads\/2023\/02\/liquidmealcadreblancretouchefond-scaled.jpg?fit=2560%2C2560&ssl=1","width":2560,"height":2560},{"@type":"BreadcrumbList","@id":"https:\/\/juanita.care\/es\/produit\/fotografia-marco-voute-palatine-serie-inside\/#breadcrumb","itemListElement":[{"@type":"ListItem","position":1,"name":"Accueil","item":"https:\/\/juanita.care\/es\/inicio\/"},{"@type":"ListItem","position":2,"name":"Tienda","item":"https:\/\/juanita.care\/es\/tienda\/"},{"@type":"ListItem","position":3,"name":"Fotograf\u00eda enmarcada: &#8220;Drop&#8221;"}]},{"@type":"WebSite","@id":"https:\/\/juanita.care\/es\/#website","url":"https:\/\/juanita.care\/es\/","name":"JUANITA CARE","description":"","publisher":{"@id":"https:\/\/juanita.care\/es\/#organization"},"alternateName":"Juanita.care","potentialAction":[{"@type":"SearchAction","target":{"@type":"EntryPoint","urlTemplate":"https:\/\/juanita.care\/es\/?s={search_term_string}"},"query-input":{"@type":"PropertyValueSpecification","valueRequired":true,"valueName":"search_term_string"}}],"inLanguage":"es"},{"@type":"Organization","@id":"https:\/\/juanita.care\/es\/#organization","name":"JUANITA CARE","alternateName":"Juanita","url":"https:\/\/juanita.care\/es\/","logo":{"@type":"ImageObject","inLanguage":"es","@id":"https:\/\/juanita.care\/es\/#\/schema\/logo\/image\/","url":"https:\/\/juanita.care\/wp-content\/uploads\/2023\/11\/pagedacceuil.jpg","contentUrl":"https:\/\/juanita.care\/wp-content\/uploads\/2023\/11\/pagedacceuil.jpg","width":1280,"height":1920,"caption":"JUANITA CARE"},"image":{"@id":"https:\/\/juanita.care\/es\/#\/schema\/logo\/image\/"},"sameAs":["https:\/\/www.instagram.com\/juanita.care_","https:\/\/www.tiktok.com\/@juanita.care"]}]}},"jetpack_sharing_enabled":true,"_links":{"self":[{"href":"https:\/\/juanita.care\/es\/wp-json\/wp\/v2\/product\/2700","targetHints":{"allow":["GET"]}}],"collection":[{"href":"https:\/\/juanita.care\/es\/wp-json\/wp\/v2\/product"}],"about":[{"href":"https:\/\/juanita.care\/es\/wp-json\/wp\/v2\/types\/product"}],"version-history":[{"count":2,"href":"https:\/\/juanita.care\/es\/wp-json\/wp\/v2\/product\/2700\/revisions"}],"predecessor-version":[{"id":3882,"href":"https:\/\/juanita.care\/es\/wp-json\/wp\/v2\/product\/2700\/revisions\/3882"}],"wp:featuredmedia":[{"embeddable":true,"href":"https:\/\/juanita.care\/es\/wp-json\/wp\/v2\/media\/2147"}],"wp:attachment":[{"href":"https:\/\/juanita.care\/es\/wp-json\/wp\/v2\/media?parent=2700"}],"wp:term":[{"taxonomy":"product_brand","embeddable":true,"href":"https:\/\/juanita.care\/es\/wp-json\/wp\/v2\/product_brand?post=2700"},{"taxonomy":"product_cat","embeddable":true,"href":"https:\/\/juanita.care\/es\/wp-json\/wp\/v2\/product_cat?post=2700"},{"taxonomy":"product_tag","embeddable":true,"href":"https:\/\/juanita.care\/es\/wp-json\/wp\/v2\/product_tag?post=2700"}],"curies":[{"name":"wp","href":"https:\/\/api.w.org\/{rel}","templated":true}]}}